{"id":10573,"date":"2025-06-25T12:30:58","date_gmt":"2025-06-25T10:30:58","guid":{"rendered":"https:\/\/www.koehlerpappen.de\/code-de-conduite\/"},"modified":"2026-03-26T11:25:58","modified_gmt":"2026-03-26T10:25:58","slug":"code-de-conduite","status":"publish","type":"page","link":"https:\/\/www.koehlerpappen.de\/fr\/code-de-conduite\/","title":{"rendered":"Code de conduite"},"content":{"rendered":"\t\t<div data-elementor-type=\"wp-page\" data-elementor-id=\"10573\" class=\"elementor elementor-10573 elementor-10539\" data-elementor-post-type=\"page\">\n\t\t\t\t<div class=\"elementor-element elementor-element-5f02288 e-flex e-con-boxed e-con e-parent\" data-id=\"5f02288\" data-element_type=\"container\" data-e-type=\"container\" data-settings=\"{&quot;jet_parallax_layout_list&quot;:[]}\">\n\t\t\t\t\t<div class=\"e-con-inner\">\n\t\t<div class=\"elementor-element elementor-element-81c9e47 e-con-full e-flex e-con e-child\" data-id=\"81c9e47\" data-element_type=\"container\" data-e-type=\"container\" data-settings=\"{&quot;jet_parallax_layout_list&quot;:[]}\">\n\t\t\t\t<div class=\"elementor-element elementor-element-d806d09 elementor-widget elementor-widget-heading\" data-id=\"d806d09\" data-element_type=\"widget\" data-e-type=\"widget\" data-widget_type=\"heading.default\">\n\t\t\t\t<div class=\"elementor-widget-container\">\n\t\t\t\t\t<h1 class=\"elementor-heading-title elementor-size-default\">Code de conduite<\/h1>\t\t\t\t<\/div>\n\t\t\t\t<\/div>\n\t\t\t\t<\/div>\n\t\t\t\t\t<\/div>\n\t\t\t\t<\/div>\n\t\t<div class=\"elementor-element elementor-element-1402366 e-flex e-con-boxed e-con e-parent\" data-id=\"1402366\" data-element_type=\"container\" data-e-type=\"container\" data-settings=\"{&quot;jet_parallax_layout_list&quot;:[]}\">\n\t\t\t\t\t<div class=\"e-con-inner\">\n\t\t<div class=\"elementor-element elementor-element-a882364 e-con-full e-flex e-con e-child\" data-id=\"a882364\" data-element_type=\"container\" data-e-type=\"container\" data-settings=\"{&quot;jet_parallax_layout_list&quot;:[]}\">\n\t\t\t\t<div class=\"elementor-element elementor-element-c63b16f elementor-widget elementor-widget-text-editor\" data-id=\"c63b16f\" data-element_type=\"widget\" data-e-type=\"widget\" data-widget_type=\"text-editor.default\">\n\t\t\t\t<div class=\"elementor-widget-container\">\n\t\t\t\t\t\t\t\t\t<h3>A. Pr\u00e9ambule<\/h3><p>K\u00f6hlerpappen GmbH s&rsquo;engage en faveur de la responsabilit\u00e9 sociale et d&rsquo;une gestion d&rsquo;entreprise responsable et fond\u00e9e sur des valeurs. Ce code de conduite d\u00e9finit les principes fondamentaux qui sont d\u00e9cisifs et qui sont \u00e0 l&rsquo;avant-garde de nos activit\u00e9s commerciales. <\/p><p>Nos actions dans tous les domaines d&rsquo;activit\u00e9, en particulier dans nos relations avec les clients, les fournisseurs, les partenaires commerciaux et nos employ\u00e9s, sont bas\u00e9es sur les valeurs d&rsquo;int\u00e9grit\u00e9, d&rsquo;\u00e9quit\u00e9 et de transparence. La durabilit\u00e9 et la protection de l&rsquo;environnement sont des principes directeurs centraux pour nous et font partie int\u00e9grante de notre politique d&rsquo;entreprise. <\/p><p>Le respect de toutes les lois applicables constitue le fondement de nos actions. Les principes formul\u00e9s dans ce code de conduite refl\u00e8tent l&rsquo;attitude \u00e9thique et l&rsquo;engagement personnel de K\u00f6hlerpappen, mais n&rsquo;\u00e9tablissent pas de droits l\u00e9gaux directement ex\u00e9cutoires \u00e0 l&rsquo;encontre de l&rsquo;entreprise. <\/p>\t\t\t\t\t\t\t\t<\/div>\n\t\t\t\t<\/div>\n\t\t\t\t<div class=\"elementor-element elementor-element-fea90d5 elementor-widget elementor-widget-text-editor\" data-id=\"fea90d5\" data-element_type=\"widget\" data-e-type=\"widget\" data-widget_type=\"text-editor.default\">\n\t\t\t\t<div class=\"elementor-widget-container\">\n\t\t\t\t\t\t\t\t\t<h3>B. Principes g\u00e9n\u00e9raux<\/h3><ol><li><strong>Respect des lois:<\/strong> Nous respectons les lois, normes et autres dispositions l\u00e9gales en vigueur dans tous les pays o\u00f9 nous op\u00e9rons, ainsi que les r\u00e8gles sociales existantes.<br><br><\/li><li><strong>Engagement envers les normes fondamentales du travail de l&rsquo;OIT:<\/strong> K\u00f6hlerpappen s&rsquo;engage express\u00e9ment \u00e0 respecter les normes fondamentales du travail de l&rsquo;Organisation internationale du travail (OIT).<br><br><\/li><li><strong>Partenaires commerciaux et autorit\u00e9s:<\/strong> K\u00f6hlerpappen s&rsquo;engage \u00e0 respecter le principe de la concurrence loyale envers tous les acteurs du march\u00e9 et travaille exclusivement conform\u00e9ment aux pratiques commerciales g\u00e9n\u00e9ralement accept\u00e9es, avec une attention particuli\u00e8re \u00e0 l&rsquo;\u00e9quit\u00e9 et \u00e0 l&rsquo;honn\u00eatet\u00e9. Nous entretenons une relation de confiance avec les autorit\u00e9s. <br><br><\/li><li><strong>Secrets d&rsquo;affaires: <\/strong>Tous les employ\u00e9s de K\u00f6hlerpappen sont tenus de respecter la confidentialit\u00e9 sur toutes les questions op\u00e9rationnelles. Cette obligation continue de s&rsquo;appliquer m\u00eame apr\u00e8s la fin de la relation de travail. Les secrets commerciaux de tiers sont \u00e9galement trait\u00e9s avec la confidentialit\u00e9 n\u00e9cessaire par K\u00f6hlerpappen et ses employ\u00e9s.  <br><br><\/li><li><strong>Protection de l&rsquo;environnement et durabilit\u00e9:<\/strong> La protection de l&rsquo;environnement et la durabilit\u00e9 des produits et des processus de production durables sont \u00e0 la fois nos pr\u00e9occupations et nos obligations. C&rsquo;est un effort essentiel pour nous de r\u00e9concilier l&rsquo;\u00e9cologie et l&rsquo;\u00e9conomie. Il s&rsquo;agit d&rsquo;un \u00e9l\u00e9ment fondamental de notre politique d&rsquo;entreprise et correspond \u00e0 notre responsabilit\u00e9 vis-\u00e0-vis de la r\u00e9gion et des personnes qui y vivent. Afin de r\u00e9pondre \u00e0 notre demande de production respectueuse de l&rsquo;environnement et durable, nos processus de production sont optimis\u00e9s en permanence, \u00e9galement du point de vue de l&rsquo;\u00e9cologie.   <br><br><\/li><li><strong>Protection des donn\u00e9es:<\/strong> La protection des donn\u00e9es est une priorit\u00e9 absolue pour notre entreprise. Notre personnel est r\u00e9guli\u00e8rement sensibilis\u00e9 par le biais de formations et d&rsquo;informations constantes sur le traitement des donn\u00e9es personnelles. Le respect des lois en vigueur, en particulier du r\u00e8glement g\u00e9n\u00e9ral sur la protection des donn\u00e9es (RGPD) et de la loi f\u00e9d\u00e9rale sur la protection des donn\u00e9es (BDSG), est bien entendu \u00e0 la base de nos actions.  <\/li><\/ol>\t\t\t\t\t\t\t\t<\/div>\n\t\t\t\t<\/div>\n\t\t\t\t<div class=\"elementor-element elementor-element-b32821c elementor-widget elementor-widget-text-editor\" data-id=\"b32821c\" data-element_type=\"widget\" data-e-type=\"widget\" data-widget_type=\"text-editor.default\">\n\t\t\t\t<div class=\"elementor-widget-container\">\n\t\t\t\t\t\t\t\t\t<h3>C. Principes \u00e9thiques, globaux et sociaux<\/h3><ol><li><strong>Pas de travail des enfants:<\/strong> Aucun employ\u00e9 de moins de 15 ans n&rsquo;est employ\u00e9. Les personnes de moins de 18 ans ne seront pas affect\u00e9es \u00e0 des travaux dangereux ou lourds, \u00e0 moins qu&rsquo;il ne s&rsquo;agisse d&rsquo;une formation approuv\u00e9e conform\u00e9ment aux lois et r\u00e9glementations nationales applicables. <br><br><\/li><li><strong>Pas de travail forc\u00e9 ou obligatoire:<\/strong> Toute forme de travail forc\u00e9 est exclue.<br><br><\/li><li><strong>Pas de discrimination:<\/strong> Nous rejetons fermement toute forme de discrimination. Cela s&rsquo;applique en particulier, mais pas exclusivement, aux discriminations et d\u00e9savantages fond\u00e9s sur la race ou l&rsquo;origine ethnique, le sexe, la religion ou les convictions, le handicap, l&rsquo;\u00e2ge ou l&rsquo;orientation sexuelle. <br><br><\/li><li><strong>Sant\u00e9 et s\u00e9curit\u00e9 au travail:<\/strong> Pour nous, la sant\u00e9 et la s\u00e9curit\u00e9 au travail sont des biens tr\u00e8s pr\u00e9cieux qui priment sur les objectifs de production sans exception. Toutes les r\u00e9glementations applicables dans ce domaine doivent \u00eatre strictement respect\u00e9es, des conditions doivent \u00eatre cr\u00e9\u00e9es pour \u00e9viter les risques pour la sant\u00e9 et la s\u00e9curit\u00e9. Dans ce contexte, les dispositions de la loi sur la sant\u00e9 et la s\u00e9curit\u00e9 au travail et de la loi sur le temps de travail doivent \u00e9galement \u00eatre strictement respect\u00e9es.  <br><br><\/li><li><strong>R\u00e9mun\u00e9ration:<\/strong> K\u00f6hlerpappen veille \u00e0 ce que la r\u00e9mun\u00e9ration de ses employ\u00e9s soit enti\u00e8rement conforme aux lois applicables, en particulier \u00e0 la loi sur le salaire minimum en tant que norme minimale. En outre, les r\u00e8gles de n\u00e9gociation collective en mati\u00e8re de r\u00e9mun\u00e9ration sont enti\u00e8rement garanties et respect\u00e9es. <\/li><\/ol>\t\t\t\t\t\t\t\t<\/div>\n\t\t\t\t<\/div>\n\t\t\t\t<div class=\"elementor-element elementor-element-6a902b9 elementor-widget elementor-widget-text-editor\" data-id=\"6a902b9\" data-element_type=\"widget\" data-e-type=\"widget\" data-widget_type=\"text-editor.default\">\n\t\t\t\t<div class=\"elementor-widget-container\">\n\t\t\t\t\t\t\t\t\t<h3>D. Principes du droit de la concurrence<\/h3><ol><li><strong>Droit de la concurrence et concurrence loyale:<\/strong> Nous nous engageons pleinement en faveur d&rsquo;une concurrence loyale et libre et agissons toujours de mani\u00e8re responsable vis-\u00e0-vis de nos concurrents. Nous nous conformons syst\u00e9matiquement \u00e0 toutes les r\u00e9glementations antitrust et du droit de la concurrence. Nous rejetons fermement toute forme d&rsquo;accord de prix ou de condition, ainsi que les accords visant \u00e0 restreindre la concurrence ou \u00e0 partager les march\u00e9s et les clients.  <br><br><\/li><li><strong>Lutte contre la corruption:<\/strong> K\u00f6hlerpappen ne tol\u00e8re aucune forme de pot-de-vin ou de corruption. Un tel comportement ne sera en aucun cas accept\u00e9 et sera strictement interdit. <br><br><\/li><li><strong>Gestion des cadeaux et des invitations:<\/strong> K\u00f6hlerpappen ne tol\u00e8re aucune forme de corruption ou d&rsquo;octroi d&rsquo;avantages. Les cadeaux ou invitations ne peuvent \u00eatre offerts que dans le cadre de ce qui est socialement habituel et ne doivent pas attendre ou influencer quoi que ce soit en retour. L&rsquo;acceptation de cadeaux mon\u00e9taires est strictement interdite dans tous les cas, quel qu&rsquo;en soit le montant. Une norme particuli\u00e8rement stricte s&rsquo;applique ici.   <\/li><\/ol>\t\t\t\t\t\t\t\t<\/div>\n\t\t\t\t<\/div>\n\t\t\t\t<div class=\"elementor-element elementor-element-da41d90 elementor-widget elementor-widget-text-editor\" data-id=\"da41d90\" data-element_type=\"widget\" data-e-type=\"widget\" data-widget_type=\"text-editor.default\">\n\t\t\t\t<div class=\"elementor-widget-container\">\n\t\t\t\t\t\t\t\t\t<h3>E. Impl\u00e9mentation<\/h3><ol><li><strong>Employ\u00e9s:<\/strong> K\u00f6hlerpappen porte ce code de conduite \u00e0 l&rsquo;attention de ses employ\u00e9s de mani\u00e8re appropri\u00e9e et \u00e0 intervalles r\u00e9guliers et veille au respect des r\u00e9glementations \u00e9crites ici. Tous les employ\u00e9s sont encourag\u00e9s \u00e0 signaler les infractions \u00e0 ce code, ouvertement ou anonymement. Vous pouvez joindre ce bureau de signalement \u00e0 l&rsquo;adresse e-mail suivante: <a href=\"mailto:koehlerpappen@kanzlei-endingen.de\">koehlerpappen@kanzlei-endingen.de<\/a>  <br><br>Le bureau de reportage est le suivant: Die Kanzlei <strong>Rechtsanw\u00e4lte Kleine<\/strong>, Eisenbahnstr.3, 79346 Endingen.<br><br>La t\u00e2che de ce bureau d&rsquo;information est de recevoir et de v\u00e9rifier les informations relatives aux infractions conform\u00e9ment au \u00a72 HinSchG par nom ou de mani\u00e8re anonyme et, si n\u00e9cessaire, de prendre des mesures suppl\u00e9mentaires. <br><br>Les lanceurs d&rsquo;alerte sont prot\u00e9g\u00e9s contre les repr\u00e9sailles par des proc\u00e9dures internes. La confidentialit\u00e9 de l&rsquo;identit\u00e9 est maintenue dans la mesure o\u00f9 la loi le permet. <br><br><\/li><li><strong>Partenaires commerciaux:<\/strong> Nous attendons de nos partenaires commerciaux qu&rsquo;ils respectent \u00e9galement toutes les lois et r\u00e9glementations applicables lorsqu&rsquo;ils travaillent avec K\u00f6hlerpappen. Nous recommandons \u00e0 nos partenaires commerciaux d&rsquo;adopter \u00e9galement des principes similaires. <br><br><\/li><li><strong>Conflits d&rsquo;int\u00e9r\u00eats:<\/strong> Les employ\u00e9s doivent \u00e9viter les conflits d&rsquo;int\u00e9r\u00eats potentiels entre les int\u00e9r\u00eats priv\u00e9s et les int\u00e9r\u00eats de l&rsquo;entreprise. S&rsquo;ils sont in\u00e9vitables, ceux-ci doivent \u00eatre divulgu\u00e9s ouvertement au gestionnaire responsable. <br><br><\/li><li><strong>Validit\u00e9 et r\u00e9vision:<\/strong> Le pr\u00e9sent code de conduite est r\u00e9guli\u00e8rement r\u00e9vis\u00e9 afin de s&rsquo;assurer qu&rsquo;il est \u00e0 jour et adapt\u00e9 si n\u00e9cessaire. Il entre en vigueur d\u00e8s sa publication. Tous les gestionnaires sont tenus de veiller \u00e0 son respect dans le cadre de leur responsabilit\u00e9.  <\/li><\/ol>\t\t\t\t\t\t\t\t<\/div>\n\t\t\t\t<\/div>\n\t\t\t\t<div class=\"elementor-element elementor-element-951c7aa elementor-widget elementor-widget-text-editor\" data-id=\"951c7aa\" data-element_type=\"widget\" data-e-type=\"widget\" data-widget_type=\"text-editor.default\">\n\t\t\t\t<div class=\"elementor-widget-container\">\n\t\t\t\t\t\t\t\t\t<p> <\/p><p style=\"text-align: right;\">K\u00f6hlerpappen GmbH, M. Christian Geiger<br>Associ\u00e9 g\u00e9rant, Gengenbach, le 24.03.2026<\/p><div id=\"lt-accessibility-devtools\" aria-hidden=\"true\"> <\/div>\t\t\t\t\t\t\t\t<\/div>\n\t\t\t\t<\/div>\n\t\t\t\t<\/div>\n\t\t\t\t\t<\/div>\n\t\t\t\t<\/div>\n\t\t\t\t<\/div>\n\t\t","protected":false},"excerpt":{"rendered":"<p>Code de conduite A. Pr\u00e9ambule K\u00f6hlerpappen GmbH s&rsquo;engage en faveur de la responsabilit\u00e9 sociale et d&rsquo;une gestion d&rsquo;entreprise responsable et fond\u00e9e sur des valeurs. Ce code de conduite d\u00e9finit les principes fondamentaux qui sont d\u00e9cisifs et qui sont \u00e0 l&rsquo;avant-garde de nos activit\u00e9s commerciales. Nos actions dans tous les domaines d&rsquo;activit\u00e9, en particulier dans nos [&hellip;]<\/p>\n","protected":false},"author":8,"featured_media":0,"parent":0,"menu_order":0,"comment_status":"closed","ping_status":"closed","template":"","meta":{"footnotes":""},"class_list":["post-10573","page","type-page","status-publish","hentry"],"yoast_head":"<title>Code de conduite - K\u00f6hlerpappen GmbH<\/title>\n<meta name=\"description\" content=\"K\u00f6hlerpappen GmbH s&#039;engage en faveur de la responsabilit\u00e9 sociale et d&#039;une gestion d&#039;entreprise responsable et fond\u00e9e sur des valeurs.\" \/>\n<meta name=\"robots\" content=\"index, follow, max-snippet:-1, max-image-preview:large, max-video-preview:-1\" \/>\n<link rel=\"canonical\" href=\"https:\/\/www.koehlerpappen.de\/fr\/code-de-conduite\/\" \/>\n<meta property=\"og:locale\" content=\"fr_FR\" \/>\n<meta property=\"og:type\" content=\"article\" \/>\n<meta property=\"og:title\" content=\"Code de conduite - K\u00f6hlerpappen GmbH\" \/>\n<meta property=\"og:description\" content=\"K\u00f6hlerpappen GmbH s&#039;engage en faveur de la responsabilit\u00e9 sociale et d&#039;une gestion d&#039;entreprise responsable et fond\u00e9e sur des valeurs.\" \/>\n<meta property=\"og:url\" content=\"https:\/\/www.koehlerpappen.de\/fr\/code-de-conduite\/\" \/>\n<meta property=\"og:site_name\" content=\"K\u00f6hlerpappen GmbH\" \/>\n<meta property=\"article:modified_time\" content=\"2026-03-26T10:25:58+00:00\" \/>\n<meta name=\"twitter:card\" content=\"summary_large_image\" \/>\n<meta name=\"twitter:label1\" content=\"Dur\u00e9e de lecture estim\u00e9e\" \/>\n\t<meta name=\"twitter:data1\" content=\"6 minutes\" \/>\n<script type=\"application\/ld+json\" class=\"yoast-schema-graph\">{\"@context\":\"https:\\\/\\\/schema.org\",\"@graph\":[{\"@type\":\"WebPage\",\"@id\":\"https:\\\/\\\/www.koehlerpappen.de\\\/fr\\\/code-de-conduite\\\/\",\"url\":\"https:\\\/\\\/www.koehlerpappen.de\\\/fr\\\/code-de-conduite\\\/\",\"name\":\"Code de conduite - K\u00f6hlerpappen GmbH\",\"isPartOf\":{\"@id\":\"https:\\\/\\\/www.koehlerpappen.de\\\/fr\\\/#website\"},\"datePublished\":\"2025-06-25T10:30:58+00:00\",\"dateModified\":\"2026-03-26T10:25:58+00:00\",\"description\":\"K\u00f6hlerpappen GmbH s'engage en faveur de la responsabilit\u00e9 sociale et d'une gestion d'entreprise responsable et fond\u00e9e sur des valeurs.\",\"breadcrumb\":{\"@id\":\"https:\\\/\\\/www.koehlerpappen.de\\\/fr\\\/code-de-conduite\\\/#breadcrumb\"},\"inLanguage\":\"fr-FR\",\"potentialAction\":[{\"@type\":\"ReadAction\",\"target\":[\"https:\\\/\\\/www.koehlerpappen.de\\\/fr\\\/code-de-conduite\\\/\"]}]},{\"@type\":\"BreadcrumbList\",\"@id\":\"https:\\\/\\\/www.koehlerpappen.de\\\/fr\\\/code-de-conduite\\\/#breadcrumb\",\"itemListElement\":[{\"@type\":\"ListItem\",\"position\":1,\"name\":\"Page d'accueil\",\"item\":\"https:\\\/\\\/www.koehlerpappen.de\\\/fr\\\/accueil-koehlerpappen\\\/\"},{\"@type\":\"ListItem\",\"position\":2,\"name\":\"Code de conduite\"}]},{\"@type\":\"WebSite\",\"@id\":\"https:\\\/\\\/www.koehlerpappen.de\\\/fr\\\/#website\",\"url\":\"https:\\\/\\\/www.koehlerpappen.de\\\/fr\\\/\",\"name\":\"K\u00f6hlerpappen GmbH\",\"description\":\"\",\"publisher\":{\"@id\":\"https:\\\/\\\/www.koehlerpappen.de\\\/fr\\\/#organization\"},\"potentialAction\":[{\"@type\":\"SearchAction\",\"target\":{\"@type\":\"EntryPoint\",\"urlTemplate\":\"https:\\\/\\\/www.koehlerpappen.de\\\/fr\\\/?s={search_term_string}\"},\"query-input\":{\"@type\":\"PropertyValueSpecification\",\"valueRequired\":true,\"valueName\":\"search_term_string\"}}],\"inLanguage\":\"fr-FR\"},{\"@type\":\"Organization\",\"@id\":\"https:\\\/\\\/www.koehlerpappen.de\\\/fr\\\/#organization\",\"name\":\"K\u00f6hlerpappen GmbH\",\"url\":\"https:\\\/\\\/www.koehlerpappen.de\\\/fr\\\/\",\"logo\":{\"@type\":\"ImageObject\",\"inLanguage\":\"fr-FR\",\"@id\":\"https:\\\/\\\/www.koehlerpappen.de\\\/fr\\\/#\\\/schema\\\/logo\\\/image\\\/\",\"url\":\"https:\\\/\\\/www.koehlerpappen.de\\\/wp-content\\\/uploads\\\/logo_koehlerpappen.svg\",\"contentUrl\":\"https:\\\/\\\/www.koehlerpappen.de\\\/wp-content\\\/uploads\\\/logo_koehlerpappen.svg\",\"width\":134.22,\"height\":50.5,\"caption\":\"K\u00f6hlerpappen GmbH\"},\"image\":{\"@id\":\"https:\\\/\\\/www.koehlerpappen.de\\\/fr\\\/#\\\/schema\\\/logo\\\/image\\\/\"}}]}<\/script>","yoast_head_json":{"title":"Code de conduite - K\u00f6hlerpappen GmbH","description":"K\u00f6hlerpappen GmbH s'engage en faveur de la responsabilit\u00e9 sociale et d'une gestion d'entreprise responsable et fond\u00e9e sur des valeurs.","robots":{"index":"index","follow":"follow","max-snippet":"max-snippet:-1","max-image-preview":"max-image-preview:large","max-video-preview":"max-video-preview:-1"},"canonical":"https:\/\/www.koehlerpappen.de\/fr\/code-de-conduite\/","og_locale":"fr_FR","og_type":"article","og_title":"Code de conduite - K\u00f6hlerpappen GmbH","og_description":"K\u00f6hlerpappen GmbH s'engage en faveur de la responsabilit\u00e9 sociale et d'une gestion d'entreprise responsable et fond\u00e9e sur des valeurs.","og_url":"https:\/\/www.koehlerpappen.de\/fr\/code-de-conduite\/","og_site_name":"K\u00f6hlerpappen GmbH","article_modified_time":"2026-03-26T10:25:58+00:00","twitter_card":"summary_large_image","twitter_misc":{"Dur\u00e9e de lecture estim\u00e9e":"6 minutes"},"schema":{"@context":"https:\/\/schema.org","@graph":[{"@type":"WebPage","@id":"https:\/\/www.koehlerpappen.de\/fr\/code-de-conduite\/","url":"https:\/\/www.koehlerpappen.de\/fr\/code-de-conduite\/","name":"Code de conduite - K\u00f6hlerpappen GmbH","isPartOf":{"@id":"https:\/\/www.koehlerpappen.de\/fr\/#website"},"datePublished":"2025-06-25T10:30:58+00:00","dateModified":"2026-03-26T10:25:58+00:00","description":"K\u00f6hlerpappen GmbH s'engage en faveur de la responsabilit\u00e9 sociale et d'une gestion d'entreprise responsable et fond\u00e9e sur des valeurs.","breadcrumb":{"@id":"https:\/\/www.koehlerpappen.de\/fr\/code-de-conduite\/#breadcrumb"},"inLanguage":"fr-FR","potentialAction":[{"@type":"ReadAction","target":["https:\/\/www.koehlerpappen.de\/fr\/code-de-conduite\/"]}]},{"@type":"BreadcrumbList","@id":"https:\/\/www.koehlerpappen.de\/fr\/code-de-conduite\/#breadcrumb","itemListElement":[{"@type":"ListItem","position":1,"name":"Page d'accueil","item":"https:\/\/www.koehlerpappen.de\/fr\/accueil-koehlerpappen\/"},{"@type":"ListItem","position":2,"name":"Code de conduite"}]},{"@type":"WebSite","@id":"https:\/\/www.koehlerpappen.de\/fr\/#website","url":"https:\/\/www.koehlerpappen.de\/fr\/","name":"K\u00f6hlerpappen GmbH","description":"","publisher":{"@id":"https:\/\/www.koehlerpappen.de\/fr\/#organization"},"potentialAction":[{"@type":"SearchAction","target":{"@type":"EntryPoint","urlTemplate":"https:\/\/www.koehlerpappen.de\/fr\/?s={search_term_string}"},"query-input":{"@type":"PropertyValueSpecification","valueRequired":true,"valueName":"search_term_string"}}],"inLanguage":"fr-FR"},{"@type":"Organization","@id":"https:\/\/www.koehlerpappen.de\/fr\/#organization","name":"K\u00f6hlerpappen GmbH","url":"https:\/\/www.koehlerpappen.de\/fr\/","logo":{"@type":"ImageObject","inLanguage":"fr-FR","@id":"https:\/\/www.koehlerpappen.de\/fr\/#\/schema\/logo\/image\/","url":"https:\/\/www.koehlerpappen.de\/wp-content\/uploads\/logo_koehlerpappen.svg","contentUrl":"https:\/\/www.koehlerpappen.de\/wp-content\/uploads\/logo_koehlerpappen.svg","width":134.22,"height":50.5,"caption":"K\u00f6hlerpappen GmbH"},"image":{"@id":"https:\/\/www.koehlerpappen.de\/fr\/#\/schema\/logo\/image\/"}}]}},"_links":{"self":[{"href":"https:\/\/www.koehlerpappen.de\/fr\/wp-json\/wp\/v2\/pages\/10573","targetHints":{"allow":["GET"]}}],"collection":[{"href":"https:\/\/www.koehlerpappen.de\/fr\/wp-json\/wp\/v2\/pages"}],"about":[{"href":"https:\/\/www.koehlerpappen.de\/fr\/wp-json\/wp\/v2\/types\/page"}],"author":[{"embeddable":true,"href":"https:\/\/www.koehlerpappen.de\/fr\/wp-json\/wp\/v2\/users\/8"}],"replies":[{"embeddable":true,"href":"https:\/\/www.koehlerpappen.de\/fr\/wp-json\/wp\/v2\/comments?post=10573"}],"version-history":[{"count":10,"href":"https:\/\/www.koehlerpappen.de\/fr\/wp-json\/wp\/v2\/pages\/10573\/revisions"}],"predecessor-version":[{"id":11140,"href":"https:\/\/www.koehlerpappen.de\/fr\/wp-json\/wp\/v2\/pages\/10573\/revisions\/11140"}],"wp:attachment":[{"href":"https:\/\/www.koehlerpappen.de\/fr\/wp-json\/wp\/v2\/media?parent=10573"}],"curies":[{"name":"wp","href":"https:\/\/api.w.org\/{rel}","templated":true}]}}